{"id":74,"date":"2024-01-30T06:48:10","date_gmt":"2024-01-30T06:48:10","guid":{"rendered":"https:\/\/tus-schwarzenau.de\/?page_id=74"},"modified":"2025-02-11T09:34:26","modified_gmt":"2025-02-11T09:34:26","slug":"fussball","status":"publish","type":"page","link":"https:\/\/tus-schwarzenau.de\/?page_id=74","title":{"rendered":"Fussball"},"content":{"rendered":"\n<p>Mit unseren Nachbard\u00f6rfern Beddelhausen und Elsoff bildet der TuS Schwarzenau einen gro\u00dfen Anteil beim FC Ebenau. Hier k\u00f6nnen Junioren<em>innen und Senioren<\/em>innen ihrem Hobby nachgehen.<\/p>\n\n\n\n<p>Heimspiele werden oft auf dem Platz in Schwarzenau ausgetragen.<\/p>\n\n\n\n<p>Mehr Infos finden Sie unter<br><a href=\"http:\/\/www.fc-ebenau.de\/\" data-type=\"link\" data-id=\"http:\/\/www.fc-ebenau.de\/\">FC Ebenau 2006 e.V.<\/a><\/p>\n\n\n\n<figure class=\"wp-block-gallery has-nested-images columns-default is-cropped wp-block-gallery-1 is-layout-flex wp-block-gallery-is-layout-flex\">\n<figure class=\"wp-block-image size-large\"><img loading=\"lazy\" decoding=\"async\" width=\"1024\" height=\"768\" data-id=\"36\" src=\"https:\/\/tus-schwarzenau.de\/wp-content\/uploads\/2024\/01\/14310518_1134124563343442_7297226691500978692_o-1024x768.jpg\" alt=\"\" class=\"wp-image-36\" srcset=\"https:\/\/tus-schwarzenau.de\/wp-content\/uploads\/2024\/01\/14310518_1134124563343442_7297226691500978692_o-1024x768.jpg 1024w, https:\/\/tus-schwarzenau.de\/wp-content\/uploads\/2024\/01\/14310518_1134124563343442_7297226691500978692_o-600x450.jpg 600w, https:\/\/tus-schwarzenau.de\/wp-content\/uploads\/2024\/01\/14310518_1134124563343442_7297226691500978692_o-300x225.jpg 300w, https:\/\/tus-schwarzenau.de\/wp-content\/uploads\/2024\/01\/14310518_1134124563343442_7297226691500978692_o-768x576.jpg 768w, https:\/\/tus-schwarzenau.de\/wp-content\/uploads\/2024\/01\/14310518_1134124563343442_7297226691500978692_o-1536x1152.jpg 1536w, https:\/\/tus-schwarzenau.de\/wp-content\/uploads\/2024\/01\/14310518_1134124563343442_7297226691500978692_o.jpg 2048w\" sizes=\"(max-width: 1024px) 100vw, 1024px\" \/><\/figure>\n\n\n\n<figure class=\"wp-block-image size-large\"><img loading=\"lazy\" decoding=\"async\" width=\"1024\" height=\"768\" data-id=\"38\" src=\"https:\/\/tus-schwarzenau.de\/wp-content\/uploads\/2024\/01\/14372127_1134124480010117_4853148558427011573_o-1024x768.jpg\" alt=\"\" class=\"wp-image-38\" srcset=\"https:\/\/tus-schwarzenau.de\/wp-content\/uploads\/2024\/01\/14372127_1134124480010117_4853148558427011573_o-1024x768.jpg 1024w, https:\/\/tus-schwarzenau.de\/wp-content\/uploads\/2024\/01\/14372127_1134124480010117_4853148558427011573_o-600x450.jpg 600w, https:\/\/tus-schwarzenau.de\/wp-content\/uploads\/2024\/01\/14372127_1134124480010117_4853148558427011573_o-300x225.jpg 300w, https:\/\/tus-schwarzenau.de\/wp-content\/uploads\/2024\/01\/14372127_1134124480010117_4853148558427011573_o-768x576.jpg 768w, https:\/\/tus-schwarzenau.de\/wp-content\/uploads\/2024\/01\/14372127_1134124480010117_4853148558427011573_o-1536x1152.jpg 1536w, https:\/\/tus-schwarzenau.de\/wp-content\/uploads\/2024\/01\/14372127_1134124480010117_4853148558427011573_o.jpg 2048w\" sizes=\"(max-width: 1024px) 100vw, 1024px\" \/><\/figure>\n\n\n\n<figure class=\"wp-block-image size-large\"><img loading=\"lazy\" decoding=\"async\" width=\"1024\" height=\"768\" data-id=\"37\" src=\"https:\/\/tus-schwarzenau.de\/wp-content\/uploads\/2024\/01\/14361183_1134124733343425_5392519971129433565_o-1024x768.jpg\" alt=\"\" class=\"wp-image-37\" srcset=\"https:\/\/tus-schwarzenau.de\/wp-content\/uploads\/2024\/01\/14361183_1134124733343425_5392519971129433565_o-1024x768.jpg 1024w, https:\/\/tus-schwarzenau.de\/wp-content\/uploads\/2024\/01\/14361183_1134124733343425_5392519971129433565_o-600x450.jpg 600w, https:\/\/tus-schwarzenau.de\/wp-content\/uploads\/2024\/01\/14361183_1134124733343425_5392519971129433565_o-300x225.jpg 300w, https:\/\/tus-schwarzenau.de\/wp-content\/uploads\/2024\/01\/14361183_1134124733343425_5392519971129433565_o-768x576.jpg 768w, https:\/\/tus-schwarzenau.de\/wp-content\/uploads\/2024\/01\/14361183_1134124733343425_5392519971129433565_o-1536x1152.jpg 1536w, https:\/\/tus-schwarzenau.de\/wp-content\/uploads\/2024\/01\/14361183_1134124733343425_5392519971129433565_o.jpg 2048w\" sizes=\"(max-width: 1024px) 100vw, 1024px\" \/><\/figure>\n\n\n\n<figure class=\"wp-block-image size-large\"><img loading=\"lazy\" decoding=\"async\" width=\"1024\" height=\"694\" data-id=\"27\" src=\"https:\/\/tus-schwarzenau.de\/wp-content\/uploads\/2024\/01\/10285829_637314483024455_7377957437072188713_o-1024x694.jpg\" alt=\"\" class=\"wp-image-27\" srcset=\"https:\/\/tus-schwarzenau.de\/wp-content\/uploads\/2024\/01\/10285829_637314483024455_7377957437072188713_o-1024x694.jpg 1024w, https:\/\/tus-schwarzenau.de\/wp-content\/uploads\/2024\/01\/10285829_637314483024455_7377957437072188713_o-600x407.jpg 600w, https:\/\/tus-schwarzenau.de\/wp-content\/uploads\/2024\/01\/10285829_637314483024455_7377957437072188713_o-300x203.jpg 300w, https:\/\/tus-schwarzenau.de\/wp-content\/uploads\/2024\/01\/10285829_637314483024455_7377957437072188713_o-768x521.jpg 768w, https:\/\/tus-schwarzenau.de\/wp-content\/uploads\/2024\/01\/10285829_637314483024455_7377957437072188713_o.jpg 1504w\" sizes=\"(max-width: 1024px) 100vw, 1024px\" \/><\/figure>\n\n\n\n<figure class=\"wp-block-image size-large\"><img loading=\"lazy\" decoding=\"async\" width=\"960\" height=\"617\" data-id=\"28\" src=\"https:\/\/tus-schwarzenau.de\/wp-content\/uploads\/2024\/01\/10299926_631008323655071_1709591092816247235_n.jpg\" alt=\"\" class=\"wp-image-28\" srcset=\"https:\/\/tus-schwarzenau.de\/wp-content\/uploads\/2024\/01\/10299926_631008323655071_1709591092816247235_n.jpg 960w, https:\/\/tus-schwarzenau.de\/wp-content\/uploads\/2024\/01\/10299926_631008323655071_1709591092816247235_n-600x386.jpg 600w, https:\/\/tus-schwarzenau.de\/wp-content\/uploads\/2024\/01\/10299926_631008323655071_1709591092816247235_n-300x193.jpg 300w, https:\/\/tus-schwarzenau.de\/wp-content\/uploads\/2024\/01\/10299926_631008323655071_1709591092816247235_n-768x494.jpg 768w\" sizes=\"(max-width: 960px) 100vw, 960px\" \/><\/figure>\n\n\n\n<figure class=\"wp-block-image size-large\"><img loading=\"lazy\" decoding=\"async\" width=\"804\" height=\"560\" data-id=\"29\" src=\"https:\/\/tus-schwarzenau.de\/wp-content\/uploads\/2024\/01\/10301276_633907090031861_4222819918900114691_n.jpg\" alt=\"\" class=\"wp-image-29\" srcset=\"https:\/\/tus-schwarzenau.de\/wp-content\/uploads\/2024\/01\/10301276_633907090031861_4222819918900114691_n.jpg 804w, https:\/\/tus-schwarzenau.de\/wp-content\/uploads\/2024\/01\/10301276_633907090031861_4222819918900114691_n-600x418.jpg 600w, https:\/\/tus-schwarzenau.de\/wp-content\/uploads\/2024\/01\/10301276_633907090031861_4222819918900114691_n-300x209.jpg 300w, https:\/\/tus-schwarzenau.de\/wp-content\/uploads\/2024\/01\/10301276_633907090031861_4222819918900114691_n-768x535.jpg 768w\" sizes=\"(max-width: 804px) 100vw, 804px\" \/><\/figure>\n\n\n\n<figure class=\"wp-block-image size-large\"><img loading=\"lazy\" decoding=\"async\" width=\"717\" height=\"537\" data-id=\"31\" src=\"https:\/\/tus-schwarzenau.de\/wp-content\/uploads\/2024\/01\/10353584_635681239854446_7228239145332801243_n.jpg\" alt=\"\" class=\"wp-image-31\" srcset=\"https:\/\/tus-schwarzenau.de\/wp-content\/uploads\/2024\/01\/10353584_635681239854446_7228239145332801243_n.jpg 717w, https:\/\/tus-schwarzenau.de\/wp-content\/uploads\/2024\/01\/10353584_635681239854446_7228239145332801243_n-600x449.jpg 600w, https:\/\/tus-schwarzenau.de\/wp-content\/uploads\/2024\/01\/10353584_635681239854446_7228239145332801243_n-300x225.jpg 300w\" sizes=\"(max-width: 717px) 100vw, 717px\" \/><\/figure>\n\n\n\n<figure class=\"wp-block-image size-large\"><img loading=\"lazy\" decoding=\"async\" width=\"1024\" height=\"768\" data-id=\"30\" src=\"https:\/\/tus-schwarzenau.de\/wp-content\/uploads\/2024\/01\/10353438_633907083365195_8422763830351809145_o.jpg\" alt=\"\" class=\"wp-image-30\" srcset=\"https:\/\/tus-schwarzenau.de\/wp-content\/uploads\/2024\/01\/10353438_633907083365195_8422763830351809145_o.jpg 1024w, https:\/\/tus-schwarzenau.de\/wp-content\/uploads\/2024\/01\/10353438_633907083365195_8422763830351809145_o-600x450.jpg 600w, https:\/\/tus-schwarzenau.de\/wp-content\/uploads\/2024\/01\/10353438_633907083365195_8422763830351809145_o-300x225.jpg 300w, https:\/\/tus-schwarzenau.de\/wp-content\/uploads\/2024\/01\/10353438_633907083365195_8422763830351809145_o-768x576.jpg 768w\" sizes=\"(max-width: 1024px) 100vw, 1024px\" \/><\/figure>\n\n\n\n<figure class=\"wp-block-image size-large\"><img loading=\"lazy\" decoding=\"async\" width=\"960\" height=\"540\" data-id=\"44\" src=\"https:\/\/tus-schwarzenau.de\/wp-content\/uploads\/2024\/01\/20293071_1523212957767932_6168295412744706408_n.jpg\" alt=\"\" class=\"wp-image-44\" srcset=\"https:\/\/tus-schwarzenau.de\/wp-content\/uploads\/2024\/01\/20293071_1523212957767932_6168295412744706408_n.jpg 960w, https:\/\/tus-schwarzenau.de\/wp-content\/uploads\/2024\/01\/20293071_1523212957767932_6168295412744706408_n-600x338.jpg 600w, https:\/\/tus-schwarzenau.de\/wp-content\/uploads\/2024\/01\/20293071_1523212957767932_6168295412744706408_n-300x169.jpg 300w, https:\/\/tus-schwarzenau.de\/wp-content\/uploads\/2024\/01\/20293071_1523212957767932_6168295412744706408_n-768x432.jpg 768w\" sizes=\"(max-width: 960px) 100vw, 960px\" \/><\/figure>\n\n\n\n<figure class=\"wp-block-image size-large\"><img loading=\"lazy\" decoding=\"async\" width=\"960\" height=\"540\" data-id=\"43\" src=\"https:\/\/tus-schwarzenau.de\/wp-content\/uploads\/2024\/01\/20265000_1523213021101259_4847868445139501816_n.jpg\" alt=\"\" class=\"wp-image-43\" srcset=\"https:\/\/tus-schwarzenau.de\/wp-content\/uploads\/2024\/01\/20265000_1523213021101259_4847868445139501816_n.jpg 960w, https:\/\/tus-schwarzenau.de\/wp-content\/uploads\/2024\/01\/20265000_1523213021101259_4847868445139501816_n-600x338.jpg 600w, https:\/\/tus-schwarzenau.de\/wp-content\/uploads\/2024\/01\/20265000_1523213021101259_4847868445139501816_n-300x169.jpg 300w, https:\/\/tus-schwarzenau.de\/wp-content\/uploads\/2024\/01\/20265000_1523213021101259_4847868445139501816_n-768x432.jpg 768w\" sizes=\"(max-width: 960px) 100vw, 960px\" \/><\/figure>\n\n\n\n<figure class=\"wp-block-image size-large\"><img loading=\"lazy\" decoding=\"async\" width=\"960\" height=\"581\" data-id=\"24\" src=\"https:\/\/tus-schwarzenau.de\/wp-content\/uploads\/2024\/01\/10271463_631007786988458_7367163265262683515_n.jpg\" alt=\"\" class=\"wp-image-24\" srcset=\"https:\/\/tus-schwarzenau.de\/wp-content\/uploads\/2024\/01\/10271463_631007786988458_7367163265262683515_n.jpg 960w, https:\/\/tus-schwarzenau.de\/wp-content\/uploads\/2024\/01\/10271463_631007786988458_7367163265262683515_n-600x363.jpg 600w, https:\/\/tus-schwarzenau.de\/wp-content\/uploads\/2024\/01\/10271463_631007786988458_7367163265262683515_n-300x182.jpg 300w, https:\/\/tus-schwarzenau.de\/wp-content\/uploads\/2024\/01\/10271463_631007786988458_7367163265262683515_n-768x465.jpg 768w\" sizes=\"(max-width: 960px) 100vw, 960px\" \/><\/figure>\n\n\n\n<figure class=\"wp-block-image size-large\"><img loading=\"lazy\" decoding=\"async\" width=\"1024\" height=\"694\" data-id=\"26\" src=\"https:\/\/tus-schwarzenau.de\/wp-content\/uploads\/2024\/01\/10284630_637314453024458_3964683975155131826_o-1024x694.jpg\" alt=\"\" class=\"wp-image-26\" srcset=\"https:\/\/tus-schwarzenau.de\/wp-content\/uploads\/2024\/01\/10284630_637314453024458_3964683975155131826_o-1024x694.jpg 1024w, https:\/\/tus-schwarzenau.de\/wp-content\/uploads\/2024\/01\/10284630_637314453024458_3964683975155131826_o-600x407.jpg 600w, https:\/\/tus-schwarzenau.de\/wp-content\/uploads\/2024\/01\/10284630_637314453024458_3964683975155131826_o-300x203.jpg 300w, https:\/\/tus-schwarzenau.de\/wp-content\/uploads\/2024\/01\/10284630_637314453024458_3964683975155131826_o-768x521.jpg 768w, https:\/\/tus-schwarzenau.de\/wp-content\/uploads\/2024\/01\/10284630_637314453024458_3964683975155131826_o.jpg 1528w\" sizes=\"(max-width: 1024px) 100vw, 1024px\" \/><\/figure>\n\n\n\n<figure class=\"wp-block-image size-large\"><img loading=\"lazy\" decoding=\"async\" width=\"1024\" height=\"768\" data-id=\"25\" src=\"https:\/\/tus-schwarzenau.de\/wp-content\/uploads\/2024\/01\/10275603_631018270320743_4953975240154053601_o-1024x768.jpg\" alt=\"\" class=\"wp-image-25\" srcset=\"https:\/\/tus-schwarzenau.de\/wp-content\/uploads\/2024\/01\/10275603_631018270320743_4953975240154053601_o-1024x768.jpg 1024w, https:\/\/tus-schwarzenau.de\/wp-content\/uploads\/2024\/01\/10275603_631018270320743_4953975240154053601_o-600x450.jpg 600w, https:\/\/tus-schwarzenau.de\/wp-content\/uploads\/2024\/01\/10275603_631018270320743_4953975240154053601_o-300x225.jpg 300w, https:\/\/tus-schwarzenau.de\/wp-content\/uploads\/2024\/01\/10275603_631018270320743_4953975240154053601_o-768x576.jpg 768w, https:\/\/tus-schwarzenau.de\/wp-content\/uploads\/2024\/01\/10275603_631018270320743_4953975240154053601_o-1536x1152.jpg 1536w, https:\/\/tus-schwarzenau.de\/wp-content\/uploads\/2024\/01\/10275603_631018270320743_4953975240154053601_o.jpg 1600w\" sizes=\"(max-width: 1024px) 100vw, 1024px\" \/><\/figure>\n\n\n\n<figure class=\"wp-block-image size-large\"><img loading=\"lazy\" decoding=\"async\" width=\"629\" height=\"422\" data-id=\"23\" src=\"https:\/\/tus-schwarzenau.de\/wp-content\/uploads\/2024\/01\/10269583_635681253187778_1520644548693298038_n.jpg\" alt=\"\" class=\"wp-image-23\" srcset=\"https:\/\/tus-schwarzenau.de\/wp-content\/uploads\/2024\/01\/10269583_635681253187778_1520644548693298038_n.jpg 629w, https:\/\/tus-schwarzenau.de\/wp-content\/uploads\/2024\/01\/10269583_635681253187778_1520644548693298038_n-600x403.jpg 600w, https:\/\/tus-schwarzenau.de\/wp-content\/uploads\/2024\/01\/10269583_635681253187778_1520644548693298038_n-300x201.jpg 300w\" sizes=\"(max-width: 629px) 100vw, 629px\" \/><\/figure>\n\n\n\n<figure class=\"wp-block-image size-large\"><img loading=\"lazy\" decoding=\"async\" width=\"640\" height=\"431\" data-id=\"18\" src=\"https:\/\/tus-schwarzenau.de\/wp-content\/uploads\/2024\/01\/265067_112826905473218_3728751_n.jpg\" alt=\"\" class=\"wp-image-18\" srcset=\"https:\/\/tus-schwarzenau.de\/wp-content\/uploads\/2024\/01\/265067_112826905473218_3728751_n.jpg 640w, https:\/\/tus-schwarzenau.de\/wp-content\/uploads\/2024\/01\/265067_112826905473218_3728751_n-600x404.jpg 600w, https:\/\/tus-schwarzenau.de\/wp-content\/uploads\/2024\/01\/265067_112826905473218_3728751_n-300x202.jpg 300w\" sizes=\"(max-width: 640px) 100vw, 640px\" \/><\/figure>\n<\/figure>\n\n\n\n<p><\/p>\n","protected":false},"excerpt":{"rendered":"<p>Mit unseren Nachbard\u00f6rfern Beddelhausen und Elsoff bildet der TuS Schwarzenau einen gro\u00dfen Anteil beim FC Ebenau. Hier k\u00f6nnen Junioreninnen und Senioreninnen ihrem Hobby nachgehen. Heimspiele werden oft auf dem Platz in Schwarzenau ausgetragen. Mehr Infos finden Sie unterFC Ebenau 2006 e.V.<\/p>\n","protected":false},"author":1,"featured_media":0,"parent":0,"menu_order":0,"comment_status":"closed","ping_status":"closed","template":"","meta":{"footnotes":""},"class_list":["post-74","page","type-page","status-publish","hentry","latest_post"],"_links":{"self":[{"href":"https:\/\/tus-schwarzenau.de\/index.php?rest_route=\/wp\/v2\/pages\/74"}],"collection":[{"href":"https:\/\/tus-schwarzenau.de\/index.php?rest_route=\/wp\/v2\/pages"}],"about":[{"href":"https:\/\/tus-schwarzenau.de\/index.php?rest_route=\/wp\/v2\/types\/page"}],"author":[{"embeddable":true,"href":"https:\/\/tus-schwarzenau.de\/index.php?rest_route=\/wp\/v2\/users\/1"}],"replies":[{"embeddable":true,"href":"https:\/\/tus-schwarzenau.de\/index.php?rest_route=%2Fwp%2Fv2%2Fcomments&post=74"}],"version-history":[{"count":4,"href":"https:\/\/tus-schwarzenau.de\/index.php?rest_route=\/wp\/v2\/pages\/74\/revisions"}],"predecessor-version":[{"id":133,"href":"https:\/\/tus-schwarzenau.de\/index.php?rest_route=\/wp\/v2\/pages\/74\/revisions\/133"}],"wp:attachment":[{"href":"https:\/\/tus-schwarzenau.de\/index.php?rest_route=%2Fwp%2Fv2%2Fmedia&parent=74"}],"curies":[{"name":"wp","href":"https:\/\/api.w.org\/{rel}","templated":true}]}}